{"id":7,"date":"2021-04-30T18:13:08","date_gmt":"2021-04-30T18:13:08","guid":{"rendered":"https:\/\/conveniomedico.com.br\/aurora-saude\/?page_id=7"},"modified":"2024-12-17T13:38:07","modified_gmt":"2024-12-17T13:38:07","slug":"home","status":"publish","type":"page","link":"https:\/\/conveniomedico.com.br\/aurora-saude\/","title":{"rendered":"Home"},"content":{"rendered":"\n  <div class=\"banner has-hover\" id=\"banner-548341454\">\n          <div class=\"banner-inner fill\">\n        <div class=\"banner-bg fill\" >\n            <div class=\"bg fill bg-fill \"><\/div>\n                        <div class=\"overlay\"><\/div>            \n                    <\/div>\n        <div class=\"banner-layers container\">\n            <div class=\"fill banner-link\"><\/div>            \n   <div id=\"text-box-652483288\" class=\"text-box banner-layer x5 md-x0 lg-x0 y50 md-y50 lg-y50 res-text\">\n                                <div class=\"text-box-content text dark\">\n              \n              <div class=\"text-inner text-left\">\n                  \n<h2 class=\"uppercase\"><strong>CONV\u00caNIO M\u00c9DICO AURORA sa\u00fade<\/strong><\/h2>\n<h3>Acolhimento, parceria e compromisso com a qualidade de vida de cada benefici\u00e1rio.<\/h3>\n<p>A Aurora Sa\u00fade oferece diversas op\u00e7\u00f5es de planos com cobertura ambulatorial e hospitalar para voc\u00ea, sua fam\u00edlia ou colaboradores da sua empresa. Simule seu plano pelo site gratuitamente!<\/p>\n<a href=\"#planos\" target=\"_self\" class=\"button primary\"  style=\"border-radius:99px;\">\n    <span>conhe\u00e7a o plano<\/span>\n  <\/a>\n\n<a href=\"#simulacao-aurora-saude\" target=\"_self\" class=\"button success hide-for-small\"  style=\"border-radius:99px;\">\n    <span>simule agora<\/span>\n  <\/a>\n\n              <\/div>\n           <\/div>\n                            \n<style>\n#text-box-652483288 {\n  width: 93%;\n}\n#text-box-652483288 .text-box-content {\n  font-size: 156%;\n}\n@media (min-width:550px) {\n  #text-box-652483288 {\n    width: 46%;\n  }\n  #text-box-652483288 .text-box-content {\n    font-size: 100%;\n  }\n}\n<\/style>\n    <\/div>\n \n   <div id=\"text-box-1294676580\" class=\"text-box banner-layer hide-for-small x5 md-x100 lg-x100 y40 md-y50 lg-y50 res-text\">\n                                <div class=\"text-box-content text dark\">\n              \n              <div class=\"text-inner text-left\">\n                  \n<p><a href=\"#simulacao-aurora-saude\"><img decoding=\"async\" src=\"https:\/\/conveniomedico.com.br\/aurora-saude\/wp-content\/uploads\/2024\/05\/simulador-aurora-saude.png\" \/><\/a><\/p>\n              <\/div>\n           <\/div>\n                            \n<style>\n#text-box-1294676580 {\n  width: 91%;\n}\n#text-box-1294676580 .text-box-content {\n  font-size: 100%;\n}\n@media (min-width:550px) {\n  #text-box-1294676580 {\n    width: 45%;\n  }\n}\n<\/style>\n    <\/div>\n \n        <\/div>\n      <\/div>\n\n            \n<style>\n#banner-548341454 {\n  padding-top: 100%;\n}\n#banner-548341454 .bg.bg-loaded {\n  background-image: url(https:\/\/conveniomedico.com.br\/aurora-saude\/wp-content\/uploads\/2024\/05\/slide-v1-1.jpg);\n}\n#banner-548341454 .overlay {\n  background-color: rgba(0, 0, 0, 0.424);\n}\n#banner-548341454 .bg {\n  background-position: 84% 0%;\n}\n@media (min-width:550px) {\n  #banner-548341454 {\n    padding-top: 630px;\n  }\n}\n<\/style>\n  <\/div>\n\n\n<span class=\"scroll-to\" data-label=\"Scroll to: #sobre\" data-bullet=\"false\" data-link=\"#sobre\" data-title=\"sobre\"><a name=\"sobre\"><\/a><\/span>\n\t<section class=\"section\" id=\"section_1252604633\">\n\t\t<div class=\"bg section-bg fill bg-fill  \" >\n\n\t\t\t\n\t\t\t<div class=\"section-bg-overlay absolute fill\"><\/div>\n\t\t\t\n\n\t\t<\/div>\n\n\t\t<div class=\"section-content relative\">\n\t\t\t\n<div class=\"row row-small align-middle\"  id=\"row-561492781\">\n\n\t<div id=\"col-1797535178\" class=\"col medium-4 small-12 large-4\"  >\n\t\t<div class=\"col-inner\"  >\n\t\t\t\n\t\t\t\n\n  <div class=\"banner has-hover\" id=\"banner-1663813516\">\n          <div class=\"banner-inner fill\">\n        <div class=\"banner-bg fill\" >\n            <div class=\"bg fill bg-fill \"><\/div>\n                                    \n                    <\/div>\n        <div class=\"banner-layers container\">\n            <div class=\"fill banner-link\"><\/div>            \n        <\/div>\n      <\/div>\n\n            \n<style>\n#banner-1663813516 {\n  padding-top: 331px;\n}\n#banner-1663813516 .bg.bg-loaded {\n  background-image: url(https:\/\/conveniomedico.com.br\/aurora-saude\/wp-content\/uploads\/2024\/05\/card-1.png);\n}\n<\/style>\n  <\/div>\n\n\n\t\t<\/div>\n\t\t\t<\/div>\n\n\t\n\n\t<div id=\"col-810201258\" class=\"col medium-8 small-12 large-8\"  >\n\t\t<div class=\"col-inner\"  >\n\t\t\t\n\t\t\t\n\t<div id=\"text-248319937\" class=\"text\">\n\t\t\n<h2 style=\"text-align: left;\"><span style=\"font-weight: bold; color: #333!important;\"><span style=\"color: #333;\">Conhe\u00e7a a <\/span><\/span><span style=\"font-weight: bold; color: #ff8461!important;\">Aurora Sa\u00fade<\/span><\/h2>\n<div><strong>Acolhimento, parceria e compromisso com a qualidade de vida de cada benefici\u00e1rio.<\/strong><\/div>\n<div>\u00a0<\/div>\n<div>\n<p>A Aurora Sa\u00fade \u00e9 a 1\u00aa operadora de planos de sa\u00fade do Brasil fundada por duas mulheres. Nasceu com o prop\u00f3sito de oferecer uma nova experi\u00eancia para voc\u00ea cuidar da sua sa\u00fade e do seu bem-estar com alguns dos melhores recursos e tecnologias do mercado.<\/p>\n<p>Para a Aurora Sa\u00fade, a sa\u00fade vai al\u00e9m da consulta m\u00e9dica. Por isso, oferece diversas tecnologias avan\u00e7adas de gest\u00e3o de sa\u00fade, por meio de um cuidado integrado, atendimento humanizado e respeitando as suas necessidades oferecendo um cuidado personalizado e individualizado.<\/p>\n<\/div>\n\t\t\n<style>\n#text-248319937 {\n  text-align: left;\n}\n<\/style>\n\t<\/div>\n\t\n\t\t<\/div>\n\t\t\t<\/div>\n\n\t\n<\/div>\n\t\t<\/div>\n\n\t\t\n<style>\n#section_1252604633 {\n  padding-top: 30px;\n  padding-bottom: 30px;\n}\n#section_1252604633 .section-bg-overlay {\n  background-color: rgba(255, 255, 255, 0.163);\n}\n#section_1252604633 .section-bg.bg-loaded {\n  background-image: url(https:\/\/conveniomedico.com.br\/aurora-saude\/wp-content\/uploads\/2021\/04\/bg.png);\n}\n<\/style>\n\t<\/section>\n\t\n<span class=\"scroll-to\" data-label=\"Scroll to: #diferenciais\" data-bullet=\"false\" data-link=\"#diferenciais\" data-title=\"diferenciais\"><a name=\"diferenciais\"><\/a><\/span>\n\n\t<section class=\"section\" id=\"section_854835409\">\n\t\t<div class=\"bg section-bg fill bg-fill  bg-loaded\" >\n\n\t\t\t\n\t\t\t\n\t\t\t\n\n\t\t<\/div>\n\n\t\t<div class=\"section-content relative\">\n\t\t\t\n\n<div class=\"row\"  id=\"row-1543886122\">\n\n\n\t<div id=\"col-7009012\" class=\"col small-12 large-12\"  >\n\t\t<div class=\"col-inner\"  >\n\t\t\t\n\t\t\t\n\n<h2 style=\"text-align: center;\"><span style=\"font-weight: bold; color: #333 !important;\"><span style=\"color: #333;\">Diferenciais <\/span><\/span><span style=\"font-weight: bold; color: #ff8461!important;\">Aurora Sa\u00fade<\/span><\/h2>\n<p style=\"text-align: center;\">Confira alguns motivos para contratar um plano da Aurora Sa\u00fade.<\/p>\n\n\t\t<\/div>\n\t\t\t<\/div>\n\n\t\n\n<\/div>\n<div class=\"row\"  id=\"row-989626009\">\n\n\n\t<div id=\"col-101355468\" class=\"col medium-6 small-12 large-6\"  >\n\t\t<div class=\"col-inner\"  >\n\t\t\t\n\t\t\t\n\n\n\t\t<div class=\"icon-box featured-box icon-box-top text-left\"  >\n\t\t\t\t<div class=\"icon-box-text last-reset\">\n\t\t\t\t\t\t\t\t\t\n\n<h3 style=\"color: #ff8461;\">Telemedicina Aurora Sa\u00fade<\/h3>\n<p>Com a Telemedicina voc\u00ea conta com mais comodidade. Entre em contato com diversos profissionais de sa\u00fade independente do lugar que voc\u00ea estiver!<\/p>\n<ul>\n<li>Atendimentos de urg\u00eancia onde voc\u00ea estiver<\/li>\n<li>Atendimento garantido a qualquer hora do dia e da noite<\/li>\n<li>Receita digital v\u00e1lida em todas as drogarias<\/li>\n<li>Acesso r\u00e1pido e f\u00e1cil a profissionais m\u00e9dicos altamente qualificados<\/li>\n<li>Seguran\u00e7a, minimizando riscos de exposi\u00e7\u00e3o a doen\u00e7as contagiosas<\/li>\n<li>Valor de coparticipa\u00e7\u00e3o inferior a uma consulta de urg\u00eancia em hospital<\/li>\n<\/ul>\n\n\t\t<\/div>\n\t<\/div>\n\t\n\t\n\n\t\t<\/div>\n\t\t\t<\/div>\n\n\t\n\n\t<div id=\"col-1267130585\" class=\"col medium-6 small-12 large-6\"  >\n\t\t<div class=\"col-inner\"  >\n\t\t\t\n\t\t\t\n\n\n\t\t<div class=\"icon-box featured-box icon-box-top text-left\"  >\n\t\t\t\t<div class=\"icon-box-text last-reset\">\n\t\t\t\t\t\t\t\t\t\n\n<h3 style=\"color: #ff8461;\">Intelig\u00eancia Artificial<\/h3>\n<p>Com a Intelig\u00eancia Artificial a Aurora Sa\u00fade conhece a sua rotina e seus h\u00e1bitos em tempo real, possibilitando cuidados desde prevent\u00e7\u00e3o e promo\u00e7\u00e3o at\u00e9 a recupera\u00e7\u00e3o da sua sa\u00fade.<\/p>\n<ul>\n<li>Previne problemas a tempo<\/li>\n<li>Guia o acesso \u00e0 rede m\u00e9dica<\/li>\n<li>Otimiza processos<\/li>\n<li>Salva vidas<\/li>\n<li>Aumenta a sustentabilidade e a viabilidade econ\u00f4mica dos contratos<\/li>\n<\/ul>\n\n\t\t<\/div>\n\t<\/div>\n\t\n\t\n\n\t\t<\/div>\n\t\t\t<\/div>\n\n\t\n\n\t<div id=\"col-1738208070\" class=\"col medium-6 small-12 large-6\"  >\n\t\t<div class=\"col-inner\"  >\n\t\t\t\n\t\t\t\n\n\n\t\t<div class=\"icon-box featured-box icon-box-top text-left\"  >\n\t\t\t\t<div class=\"icon-box-text last-reset\">\n\t\t\t\t\t\t\t\t\t\n\n<h3 style=\"color: #ff8461;\">Cuidado Integrado<\/h3>\n<p>A Aurora Sa\u00fade acompanha de verdade a sa\u00fade de cada um dos seus benefici\u00e1rios. Por meio de um hist\u00f3rico de demandas, a operadora consegue avisar e aconselhar novas consultas e exames de acordo com as necessidades particulares de cada benefici\u00e1rio.<\/p>\n<ul>\n<li>Coordena\u00e7\u00e3o multidisciplinar<\/li>\n<li>Tecnologia avan\u00e7ada<\/li>\n<li>Experi\u00eancia do paciente aprimorada<\/li>\n<li>Preven\u00e7\u00e3o e gest\u00e3o de doen\u00e7as cr\u00f4nicas<\/li>\n<li>Abordagem centrada no paciente<\/li>\n<\/ul>\n\n\t\t<\/div>\n\t<\/div>\n\t\n\t\n\n\t\t<\/div>\n\t\t\t<\/div>\n\n\t\n\n\t<div id=\"col-100170974\" class=\"col medium-6 small-12 large-6\"  >\n\t\t<div class=\"col-inner\"  >\n\t\t\t\n\t\t\t\n\n\n\t\t<div class=\"icon-box featured-box icon-box-top text-left\"  >\n\t\t\t\t<div class=\"icon-box-text last-reset\">\n\t\t\t\t\t\t\t\t\t\n\n<h3 style=\"color: #ff8461;\">Atendimento Personalizado<\/h3>\n<p>A Aurora Sa\u00fade desenvolveu um modelo exclusivo de atendimento humanizado para cada um dos seus benefici\u00e1rios. Esse modelo tem como objetivo entender as necessidades individuais de cada um, podendo orientar e acolher cada um com informa\u00e7\u00f5es importantes sobre cada d\u00favida e pr\u00f3ximos passos.<\/p>\n<ul>\n<li>Servi\u00e7o de Concierge de Sa\u00fade, com orienta\u00e7\u00e3o assistencial<\/li>\n<li>Acesso r\u00e1pido e pr\u00e1tico aos servi\u00e7os da Aurora Sa\u00fade<\/li>\n<li>Praticidade e agilidade para tratar demandas simples do dia a dia<\/li>\n<\/ul>\n\n\t\t<\/div>\n\t<\/div>\n\t\n\t\n\n\t\t<\/div>\n\t\t\t<\/div>\n\n\t\n\n<\/div>\n\n\t\t<\/div>\n\n\t\t\n<style>\n#section_854835409 {\n  padding-top: 47px;\n  padding-bottom: 47px;\n}\n<\/style>\n\t<\/section>\n\t\n","protected":false},"excerpt":{"rendered":"","protected":false},"author":1,"featured_media":0,"parent":0,"menu_order":0,"comment_status":"closed","ping_status":"closed","template":"page-blank.php","meta":{"inline_featured_image":false,"footnotes":""},"class_list":["post-7","page","type-page","status-publish","hentry"],"_links":{"self":[{"href":"https:\/\/conveniomedico.com.br\/aurora-saude\/wp-json\/wp\/v2\/pages\/7","targetHints":{"allow":["GET"]}}],"collection":[{"href":"https:\/\/conveniomedico.com.br\/aurora-saude\/wp-json\/wp\/v2\/pages"}],"about":[{"href":"https:\/\/conveniomedico.com.br\/aurora-saude\/wp-json\/wp\/v2\/types\/page"}],"author":[{"embeddable":true,"href":"https:\/\/conveniomedico.com.br\/aurora-saude\/wp-json\/wp\/v2\/users\/1"}],"replies":[{"embeddable":true,"href":"https:\/\/conveniomedico.com.br\/aurora-saude\/wp-json\/wp\/v2\/comments?post=7"}],"version-history":[{"count":94,"href":"https:\/\/conveniomedico.com.br\/aurora-saude\/wp-json\/wp\/v2\/pages\/7\/revisions"}],"predecessor-version":[{"id":1358,"href":"https:\/\/conveniomedico.com.br\/aurora-saude\/wp-json\/wp\/v2\/pages\/7\/revisions\/1358"}],"wp:attachment":[{"href":"https:\/\/conveniomedico.com.br\/aurora-saude\/wp-json\/wp\/v2\/media?parent=7"}],"curies":[{"name":"wp","href":"https:\/\/api.w.org\/{rel}","templated":true}]}}