{"id":7,"date":"2021-04-30T18:13:08","date_gmt":"2021-04-30T18:13:08","guid":{"rendered":"https:\/\/conveniomedico.com.br\/bluemed-saude\/?page_id=7"},"modified":"2024-12-17T13:39:52","modified_gmt":"2024-12-17T13:39:52","slug":"home","status":"publish","type":"page","link":"https:\/\/conveniomedico.com.br\/bluemed-saude\/","title":{"rendered":"Home"},"content":{"rendered":"\n  <div class=\"banner has-hover\" id=\"banner-14739467\">\n          <div class=\"banner-inner fill\">\n        <div class=\"banner-bg fill\" >\n            <div class=\"bg fill bg-fill \"><\/div>\n                        <div class=\"overlay\"><\/div>            \n                    <\/div>\n        <div class=\"banner-layers container\">\n            <div class=\"fill banner-link\"><\/div>            \n   <div id=\"text-box-1811625809\" class=\"text-box banner-layer x5 md-x0 lg-x0 y50 md-y50 lg-y50 res-text\">\n                                <div class=\"text-box-content text dark\">\n              \n              <div class=\"text-inner text-left\">\n                  \n<h2 class=\"uppercase\"><strong>CONV\u00caNIO M\u00c9DICO BLUE MED sa\u00fade<\/strong><\/h2>\n<h3>SA\u00daDE CONSCIENTE<\/h3>\n<p>A Blue Med Sa\u00fade oferece profissionais qualificados, dentro de uma ampla rede credenciada com atendimento 24 horas.<\/p>\n<a href=\"#planos\" target=\"_self\" class=\"button primary\"  style=\"border-radius:99px;\">\n    <span>conhe\u00e7a o plano<\/span>\n  <\/a>\n\n<a href=\"#simulacao-bluemed-saude\" target=\"_self\" class=\"button secondary hide-for-small\"  style=\"border-radius:99px;\">\n    <span>simule agora<\/span>\n  <\/a>\n\n              <\/div>\n           <\/div>\n                            \n<style>\n#text-box-1811625809 {\n  width: 93%;\n}\n#text-box-1811625809 .text-box-content {\n  font-size: 156%;\n}\n@media (min-width:550px) {\n  #text-box-1811625809 {\n    width: 48%;\n  }\n  #text-box-1811625809 .text-box-content {\n    font-size: 100%;\n  }\n}\n<\/style>\n    <\/div>\n \n   <div id=\"text-box-776776914\" class=\"text-box banner-layer hide-for-small x5 md-x100 lg-x100 y40 md-y50 lg-y50 res-text\">\n                                <div class=\"text-box-content text dark\">\n              \n              <div class=\"text-inner text-left\">\n                  \n<p><a href=\"#simulacao-bluemed-saude\"><img decoding=\"async\" src=\"https:\/\/conveniomedico.com.br\/bluemed-saude\/wp-content\/uploads\/2024\/05\/simulador-bluemed-saude.png\" \/><\/a><\/p>\n              <\/div>\n           <\/div>\n                            \n<style>\n#text-box-776776914 {\n  width: 91%;\n}\n#text-box-776776914 .text-box-content {\n  font-size: 100%;\n}\n@media (min-width:550px) {\n  #text-box-776776914 {\n    width: 45%;\n  }\n}\n<\/style>\n    <\/div>\n \n        <\/div>\n      <\/div>\n\n            \n<style>\n#banner-14739467 {\n  padding-top: 100%;\n}\n#banner-14739467 .bg.bg-loaded {\n  background-image: url(https:\/\/conveniomedico.com.br\/bluemed-saude\/wp-content\/uploads\/2024\/05\/MG_7980-1140x640-1-1024x575.jpg);\n}\n#banner-14739467 .overlay {\n  background-color: rgba(0, 0, 0, 0.628);\n}\n#banner-14739467 .bg {\n  background-position: 100% 100%;\n}\n@media (min-width:550px) {\n  #banner-14739467 {\n    padding-top: 630px;\n  }\n}\n<\/style>\n  <\/div>\n\n\n<span class=\"scroll-to\" data-label=\"Scroll to: #sobre\" data-bullet=\"false\" data-link=\"#sobre\" data-title=\"sobre\"><a name=\"sobre\"><\/a><\/span>\n\t<section class=\"section\" id=\"section_277191831\">\n\t\t<div class=\"bg section-bg fill bg-fill  \" >\n\n\t\t\t\n\t\t\t<div class=\"section-bg-overlay absolute fill\"><\/div>\n\t\t\t\n\n\t\t<\/div>\n\n\t\t<div class=\"section-content relative\">\n\t\t\t\n<div class=\"row row-small align-middle\"  id=\"row-227475415\">\n\n\t<div id=\"col-2115203902\" class=\"col medium-4 small-12 large-4\"  >\n\t\t<div class=\"col-inner\"  >\n\t\t\t\n\t\t\t\n\t<div class=\"img has-hover x md-x lg-x y md-y lg-y\" id=\"image_366045438\">\n\t\t\t\t\t\t\t\t<div class=\"img-inner dark\" >\n\t\t\t<img loading=\"lazy\" decoding=\"async\" width=\"768\" height=\"770\" src=\"https:\/\/conveniomedico.com.br\/bluemed-saude\/wp-content\/uploads\/2024\/05\/app-768x770-1.png\" class=\"attachment-large size-large\" alt=\"\" srcset=\"https:\/\/conveniomedico.com.br\/bluemed-saude\/wp-content\/uploads\/2024\/05\/app-768x770-1.png 768w, https:\/\/conveniomedico.com.br\/bluemed-saude\/wp-content\/uploads\/2024\/05\/app-768x770-1-300x300.png 300w, https:\/\/conveniomedico.com.br\/bluemed-saude\/wp-content\/uploads\/2024\/05\/app-768x770-1-150x150.png 150w\" sizes=\"auto, (max-width: 768px) 100vw, 768px\" \/>\t\t\t\t\t\t\n\t\t\t\t\t<\/div>\n\t\t\t\t\t\t\t\t\n<style>\n#image_366045438 {\n  width: 100%;\n}\n<\/style>\n\t<\/div>\n\t\n\t\t<\/div>\n\t\t\t<\/div>\n\n\t\n\n\t<div id=\"col-879890259\" class=\"col medium-8 small-12 large-8\"  >\n\t\t<div class=\"col-inner\"  >\n\t\t\t\n\t\t\t\n\t<div id=\"text-2950602381\" class=\"text\">\n\t\t\n<h2 style=\"text-align: left;\"><span style=\"font-weight: bold; color: #00b0ab!important;\"><span style=\"color: #1d447d;\">Conhe\u00e7a a <\/span><\/span><span style=\"font-weight: bold; color: #1c9bd8!important;\">BlueMed Sa\u00fade<\/span><\/h2>\n<div><strong>A Blue Med Sa\u00fade nasceu com o prop\u00f3sito de oferecer o melhor servi\u00e7o de sa\u00fade.<\/strong><\/div>\n<div>\u00a0<\/div>\n<div>\n<p>Para a Blue Med, nada \u00e9 mais importante do que a sa\u00fade e a felicidade das pessoas. Prova disso \u00e9 o atendimento cuidadoso que seus credenciados oferecem a cada um dos associados, garantindo que a experi\u00eancia com a empresa seja sempre agrad\u00e1vel e eficiente.<\/p>\n<p>A Blue Med \u00e9 uma empresa 100% brasileira. A marca surgiu como um produto diferencial da Alvorecer e conta com o total apoio e a tradi\u00e7\u00e3o de um conv\u00eanio que atua desde 1924.<\/p>\n<\/div>\n\t\t\n<style>\n#text-2950602381 {\n  text-align: left;\n}\n<\/style>\n\t<\/div>\n\t\n\t\t<\/div>\n\t\t\t<\/div>\n\n\t\n<\/div>\n\t\t<\/div>\n\n\t\t\n<style>\n#section_277191831 {\n  padding-top: 30px;\n  padding-bottom: 30px;\n}\n#section_277191831 .section-bg-overlay {\n  background-color: rgba(255, 255, 255, 0.163);\n}\n#section_277191831 .section-bg.bg-loaded {\n  background-image: url(https:\/\/conveniomedico.com.br\/bluemed-saude\/wp-content\/uploads\/2021\/04\/bg.png);\n}\n<\/style>\n\t<\/section>\n\t\n<span class=\"scroll-to\" data-label=\"Scroll to: #diferenciais\" data-bullet=\"false\" data-link=\"#diferenciais\" data-title=\"diferenciais\"><a name=\"diferenciais\"><\/a><\/span>\n\n\t<section class=\"section\" id=\"section_320819658\">\n\t\t<div class=\"bg section-bg fill bg-fill  bg-loaded\" >\n\n\t\t\t\n\t\t\t\n\t\t\t\n\n\t\t<\/div>\n\n\t\t<div class=\"section-content relative\">\n\t\t\t\n\n<div class=\"row\"  id=\"row-1850198471\">\n\n\n\t<div id=\"col-1104583744\" class=\"col small-12 large-12\"  >\n\t\t<div class=\"col-inner\"  >\n\t\t\t\n\t\t\t\n\n<h2 style=\"text-align: center;\"><span style=\"font-weight: bold; color: #00b0ab!important;\"><span style=\"color: #1D447D;\">Diferenciais <\/span><\/span><span style=\"font-weight: bold; color: #1C9BD8!important;\">BlueMed Sa\u00fade<\/span><\/h2>\n<p style=\"text-align: center;\">Confira alguns motivos para contratar um plano da BlueMed Sa\u00fade.<\/p>\n\n\t\t<\/div>\n\t\t\t<\/div>\n\n\t\n\n<\/div>\n<div class=\"row\"  id=\"row-33476557\">\n\n\n\t<div id=\"col-1098041411\" class=\"col medium-3 small-12 large-3\"  >\n\t\t<div class=\"col-inner\"  >\n\t\t\t\n\t\t\t\n\n\n\t\t<div class=\"icon-box featured-box icon-box-top text-left\"  >\n\t\t\t\t<div class=\"icon-box-text last-reset\">\n\t\t\t\t\t\t\t\t\t\n\n<h3 style=\"color: #1d447d;\">Profissionais Qualificados<\/h3>\n<p>Conte\u00a0com \u00f3timos profissionais em diversas especialidades para garantir o melhor cuidado para sua sa\u00fade, pelo melhor pre\u00e7o.<\/p>\n\n\t\t<\/div>\n\t<\/div>\n\t\n\t\n\n\t\t<\/div>\n\t\t\t<\/div>\n\n\t\n\n\t<div id=\"col-1727346100\" class=\"col medium-3 small-12 large-3\"  >\n\t\t<div class=\"col-inner\"  >\n\t\t\t\n\t\t\t\n\n\n\t\t<div class=\"icon-box featured-box icon-box-top text-left\"  >\n\t\t\t\t<div class=\"icon-box-text last-reset\">\n\t\t\t\t\t\t\t\t\t\n\n<h3 style=\"color: #1d447d;\">Ampla Rede Credenciada<\/h3>\n<p>Benefici\u00e1rios Blue Med Sa\u00fade contam com uma ampla rede credenciada de hospitais, laborat\u00f3rios, cl\u00ednicas e muito +.<\/p>\n\n\t\t<\/div>\n\t<\/div>\n\t\n\t\n\n\t\t<\/div>\n\t\t\t<\/div>\n\n\t\n\n\t<div id=\"col-1207908677\" class=\"col medium-3 small-12 large-3\"  >\n\t\t<div class=\"col-inner\"  >\n\t\t\t\n\t\t\t\n\n\n\t\t<div class=\"icon-box featured-box icon-box-top text-left\"  >\n\t\t\t\t<div class=\"icon-box-text last-reset\">\n\t\t\t\t\t\t\t\t\t\n\n<h3 style=\"color: #1d447d;\">Atendimento 24 horas<\/h3>\n<p>Com a Blue Med voc\u00ea, sua fam\u00edlia e colaboradores contam com atendimento 24 horas dentro da rede credenciada.<\/p>\n\n\t\t<\/div>\n\t<\/div>\n\t\n\t\n\n\t\t<\/div>\n\t\t\t<\/div>\n\n\t\n\n\t<div id=\"col-89402589\" class=\"col medium-3 small-12 large-3\"  >\n\t\t<div class=\"col-inner\"  >\n\t\t\t\n\t\t\t\n\n\n\t\t<div class=\"icon-box featured-box icon-box-top text-left\"  >\n\t\t\t\t<div class=\"icon-box-text last-reset\">\n\t\t\t\t\t\t\t\t\t\n\n<h3 style=\"color: #1d447d;\">Variedade de planos<\/h3>\n<p>Escolha entre diversas op\u00e7\u00f5es de planos, que podem ser contratados diretamente via seu CPF ou CNPJ da sua empresa.<\/p>\n\n\t\t<\/div>\n\t<\/div>\n\t\n\t\n\n\t\t<\/div>\n\t\t\t<\/div>\n\n\t\n\n\t<div id=\"col-1784798354\" class=\"col medium-3 small-12 large-3\"  >\n\t\t<div class=\"col-inner\"  >\n\t\t\t\n\t\t\t\n\n\n\t\t<div class=\"icon-box featured-box icon-box-top text-left\"  >\n\t\t\t\t<div class=\"icon-box-text last-reset\">\n\t\t\t\t\t\t\t\t\t\n\n<h3 style=\"color: #1d447d;\">Planos Empresariais<\/h3>\n<p>Contrate o plano Blue Med Sa\u00fade Empresarial com as melhores condi\u00e7\u00f5es e valores de mensalidade! Simule pelo site.<\/p>\n\n\t\t<\/div>\n\t<\/div>\n\t\n\t\n\n\t\t<\/div>\n\t\t\t<\/div>\n\n\t\n\n\t<div id=\"col-195059608\" class=\"col medium-3 small-12 large-3\"  >\n\t\t<div class=\"col-inner\"  >\n\t\t\t\n\t\t\t\n\n\n\t\t<div class=\"icon-box featured-box icon-box-top text-left\"  >\n\t\t\t\t<div class=\"icon-box-text last-reset\">\n\t\t\t\t\t\t\t\t\t\n\n<h3 style=\"color: #1d447d;\">Planos\u00a0Individuais<\/h3>\n<p>Os planos Individuais e Familiares da Blue Med s\u00e3o a melhor op\u00e7\u00e3o para voc\u00ea cuidar da sa\u00fade da sua fam\u00edlia.<\/p>\n\n\t\t<\/div>\n\t<\/div>\n\t\n\t\n\n\t\t<\/div>\n\t\t\t<\/div>\n\n\t\n\n\t<div id=\"col-1170479892\" class=\"col medium-3 small-12 large-3\"  >\n\t\t<div class=\"col-inner\"  >\n\t\t\t\n\t\t\t\n\n\n\t\t<div class=\"icon-box featured-box icon-box-top text-left\"  >\n\t\t\t\t<div class=\"icon-box-text last-reset\">\n\t\t\t\t\t\t\t\t\t\n\n<h3 style=\"color: #1d447d;\">Plano S\u00eanior<\/h3>\n<p>A Blue Med Sa\u00fade S\u00eanior \u00e9 o plano de sa\u00fade voltado para o p\u00fablico s\u00eanior, com 44 anos de idade ou mais. Simule j\u00e1!<\/p>\n\n\t\t<\/div>\n\t<\/div>\n\t\n\t\n\n\t\t<\/div>\n\t\t\t<\/div>\n\n\t\n\n\t<div id=\"col-1727044531\" class=\"col medium-3 small-12 large-3\"  >\n\t\t<div class=\"col-inner\"  >\n\t\t\t\n\t\t\t\n\n\n\t\t<div class=\"icon-box featured-box icon-box-top text-left\"  >\n\t\t\t\t<div class=\"icon-box-text last-reset\">\n\t\t\t\t\t\t\t\t\t\n\n<h3 style=\"color: #1d447d;\">Blue Med Mais<\/h3>\n<p>Garanta descontos em farm\u00e1cias, viagens, cursos de gradua\u00e7\u00e3o e muito mais! Venha para a Blue Med Sa\u00fade.<\/p>\n\n\t\t<\/div>\n\t<\/div>\n\t\n\t\n\n\t\t<\/div>\n\t\t\t<\/div>\n\n\t\n\n<\/div>\n\n\t\t<\/div>\n\n\t\t\n<style>\n#section_320819658 {\n  padding-top: 47px;\n  padding-bottom: 47px;\n}\n<\/style>\n\t<\/section>\n\t\n","protected":false},"excerpt":{"rendered":"","protected":false},"author":1,"featured_media":0,"parent":0,"menu_order":0,"comment_status":"closed","ping_status":"closed","template":"page-blank.php","meta":{"inline_featured_image":false,"footnotes":""},"class_list":["post-7","page","type-page","status-publish","hentry"],"_links":{"self":[{"href":"https:\/\/conveniomedico.com.br\/bluemed-saude\/wp-json\/wp\/v2\/pages\/7","targetHints":{"allow":["GET"]}}],"collection":[{"href":"https:\/\/conveniomedico.com.br\/bluemed-saude\/wp-json\/wp\/v2\/pages"}],"about":[{"href":"https:\/\/conveniomedico.com.br\/bluemed-saude\/wp-json\/wp\/v2\/types\/page"}],"author":[{"embeddable":true,"href":"https:\/\/conveniomedico.com.br\/bluemed-saude\/wp-json\/wp\/v2\/users\/1"}],"replies":[{"embeddable":true,"href":"https:\/\/conveniomedico.com.br\/bluemed-saude\/wp-json\/wp\/v2\/comments?post=7"}],"version-history":[{"count":95,"href":"https:\/\/conveniomedico.com.br\/bluemed-saude\/wp-json\/wp\/v2\/pages\/7\/revisions"}],"predecessor-version":[{"id":1376,"href":"https:\/\/conveniomedico.com.br\/bluemed-saude\/wp-json\/wp\/v2\/pages\/7\/revisions\/1376"}],"wp:attachment":[{"href":"https:\/\/conveniomedico.com.br\/bluemed-saude\/wp-json\/wp\/v2\/media?parent=7"}],"curies":[{"name":"wp","href":"https:\/\/api.w.org\/{rel}","templated":true}]}}