{"id":7,"date":"2021-04-30T18:13:08","date_gmt":"2021-04-30T18:13:08","guid":{"rendered":"https:\/\/conveniomedico.com.br\/golden-cross-saude\/?page_id=7"},"modified":"2024-12-17T13:43:00","modified_gmt":"2024-12-17T13:43:00","slug":"home","status":"publish","type":"page","link":"https:\/\/conveniomedico.com.br\/golden-cross-saude\/","title":{"rendered":"Home"},"content":{"rendered":"\n  <div class=\"banner has-hover\" id=\"banner-1656549077\">\n          <div class=\"banner-inner fill\">\n        <div class=\"banner-bg fill\" >\n            <div class=\"bg fill bg-fill \"><\/div>\n                        <div class=\"overlay\"><\/div>            \n                    <\/div>\n        <div class=\"banner-layers container\">\n            <div class=\"fill banner-link\"><\/div>            \n   <div id=\"text-box-1156723188\" class=\"text-box banner-layer x5 md-x0 lg-x0 y50 md-y50 lg-y50 res-text\">\n                                <div class=\"text-box-content text dark\">\n              \n              <div class=\"text-inner text-left\">\n                  \n\t<div id=\"text-4213639345\" class=\"text\">\n\t\t\n<h2 class=\"uppercase\"><strong>CONV\u00caNIO M\u00c9DICO Golden Cross sa\u00fade<\/strong><\/h2>\n<h3>PIONEIRISMO, TRADI\u00c7\u00c3O E CUIDADO<\/h3>\n<p>Na Golden Cross voc\u00ea encontra planos de sa\u00fade com uma ampla rede credenciada e diversas vantagens exclusivas para atender as demandas de empresas de diferentes todos os segmentos e tamanhos.<\/p>\n\t\t\n<style>\n#text-4213639345 {\n  font-size: 1rem;\n}\n<\/style>\n\t<\/div>\n\t\n<a href=\"#planos\" target=\"_self\" class=\"button primary\"  style=\"border-radius:99px;\">\n    <span>conhe\u00e7a o plano<\/span>\n  <\/a>\n\n<a href=\"#simulacao-golden-cross-saude\" target=\"_self\" class=\"button secondary hide-for-small\"  style=\"border-radius:99px;\">\n    <span>simule agora<\/span>\n  <\/a>\n\n              <\/div>\n           <\/div>\n                            \n<style>\n#text-box-1156723188 {\n  width: 91%;\n}\n#text-box-1156723188 .text-box-content {\n  font-size: 156%;\n}\n@media (min-width:550px) {\n  #text-box-1156723188 {\n    width: 53%;\n  }\n  #text-box-1156723188 .text-box-content {\n    font-size: 100%;\n  }\n}\n<\/style>\n    <\/div>\n \n   <div id=\"text-box-1192089770\" class=\"text-box banner-layer hide-for-small x5 md-x100 lg-x100 y40 md-y50 lg-y50 res-text\">\n                                <div class=\"text-box-content text dark\">\n              \n              <div class=\"text-inner text-left\">\n                  \n<p><a href=\"#simulacao-golden-cross-saude\"><img decoding=\"async\" src=\"https:\/\/conveniomedico.com.br\/golden-cross-saude\/wp-content\/uploads\/2024\/05\/simulador-golden-cross-saude.png\" \/><\/a><\/p>\n              <\/div>\n           <\/div>\n                            \n<style>\n#text-box-1192089770 {\n  width: 91%;\n}\n#text-box-1192089770 .text-box-content {\n  font-size: 100%;\n}\n@media (min-width:550px) {\n  #text-box-1192089770 {\n    width: 45%;\n  }\n}\n<\/style>\n    <\/div>\n \n        <\/div>\n      <\/div>\n\n            \n<style>\n#banner-1656549077 {\n  padding-top: 100%;\n}\n#banner-1656549077 .bg.bg-loaded {\n  background-image: url(https:\/\/conveniomedico.com.br\/golden-cross-saude\/wp-content\/uploads\/2024\/05\/i630179-1024x576.jpeg);\n}\n#banner-1656549077 .overlay {\n  background-color: rgba(0, 0, 0, 0.424);\n}\n#banner-1656549077 .bg {\n  background-position: 100% 0%;\n}\n@media (min-width:550px) {\n  #banner-1656549077 {\n    padding-top: 630px;\n  }\n}\n<\/style>\n  <\/div>\n\n\n<span class=\"scroll-to\" data-label=\"Scroll to: #sobre\" data-bullet=\"false\" data-link=\"#sobre\" data-title=\"sobre\"><a name=\"sobre\"><\/a><\/span>\n\t<section class=\"section\" id=\"section_1850065260\">\n\t\t<div class=\"bg section-bg fill bg-fill  \" >\n\n\t\t\t\n\t\t\t<div class=\"section-bg-overlay absolute fill\"><\/div>\n\t\t\t\n\n\t\t<\/div>\n\n\t\t<div class=\"section-content relative\">\n\t\t\t\n<div class=\"row row-small align-middle\"  id=\"row-979833789\">\n\n\t<div id=\"col-406757550\" class=\"col medium-4 small-12 large-4\"  >\n\t\t<div class=\"col-inner\"  >\n\t\t\t\n\t\t\t\n\n  <div class=\"banner has-hover\" id=\"banner-1414895401\">\n          <div class=\"banner-inner fill\">\n        <div class=\"banner-bg fill\" >\n            <div class=\"bg fill bg-fill \"><\/div>\n                                    \n                    <\/div>\n        <div class=\"banner-layers container\">\n            <div class=\"fill banner-link\"><\/div>            \n        <\/div>\n      <\/div>\n\n            \n<style>\n#banner-1414895401 {\n  padding-top: 373px;\n}\n#banner-1414895401 .bg.bg-loaded {\n  background-image: url(https:\/\/conveniomedico.com.br\/golden-cross-saude\/wp-content\/uploads\/2024\/05\/i630179-1024x576.jpeg);\n}\n#banner-1414895401 .bg {\n  background-position: 0% 42%;\n}\n<\/style>\n  <\/div>\n\n\n\t\t<\/div>\n\t\t\t<\/div>\n\n\t\n\n\t<div id=\"col-857607031\" class=\"col medium-8 small-12 large-8\"  >\n\t\t<div class=\"col-inner\"  >\n\t\t\t\n\t\t\t\n\t<div id=\"text-4141393805\" class=\"text\">\n\t\t\n<h2 style=\"text-align: left;\"><span style=\"font-weight: bold; color: #00337f!important;\"><span style=\"color: #00337f;\">Conhe\u00e7a a <\/span><\/span><span style=\"font-weight: bold; color: #ffaa00!important;\">Golden Cross Sa\u00fade<\/span><\/h2>\n<div><strong>Na Golden Cross voc\u00ea encontra o plano de sa\u00fade ideal para sua empresa<\/strong><\/div>\n<div>\u00a0<\/div>\n<div>\n<p>A Golden Cross oferece v\u00e1rias op\u00e7\u00f5es de planos de sa\u00fade, destacando-se como uma empresa de grande credibilidade no setor de sa\u00fade suplementar no Brasil. Atualmente, conta com cerca de 500 mil clientes empresariais.<\/p>\n<p>Desde a sua funda\u00e7\u00e3o, a Golden Cross busca constantemente a satisfa\u00e7\u00e3o de seus benefici\u00e1rios, oferecendo servi\u00e7os de qualidade e mantendo uma rela\u00e7\u00e3o transparente.<\/p>\n<p>Todos os planos da Golden Cross Sa\u00fade proporcionam uma ampla e qualificada Rede Referenciada, reembolso de despesas m\u00e9dicas e um conjunto de benef\u00edcios especialmente elaborados para atender empresas de diferentes perfis.<\/p>\n<\/div>\n\t\t\n<style>\n#text-4141393805 {\n  text-align: left;\n}\n<\/style>\n\t<\/div>\n\t\n\t\t<\/div>\n\t\t\t<\/div>\n\n\t\n<\/div>\n\t\t<\/div>\n\n\t\t\n<style>\n#section_1850065260 {\n  padding-top: 30px;\n  padding-bottom: 30px;\n}\n#section_1850065260 .section-bg-overlay {\n  background-color: rgba(255, 255, 255, 0.163);\n}\n#section_1850065260 .section-bg.bg-loaded {\n  background-image: url(https:\/\/conveniomedico.com.br\/golden-cross-saude\/wp-content\/uploads\/2021\/04\/bg.png);\n}\n<\/style>\n\t<\/section>\n\t\n<span class=\"scroll-to\" data-label=\"Scroll to: #diferenciais\" data-bullet=\"false\" data-link=\"#diferenciais\" data-title=\"diferenciais\"><a name=\"diferenciais\"><\/a><\/span>\n\n\t<section class=\"section\" id=\"section_201360525\">\n\t\t<div class=\"bg section-bg fill bg-fill  bg-loaded\" >\n\n\t\t\t\n\t\t\t\n\t\t\t\n\n\t\t<\/div>\n\n\t\t<div class=\"section-content relative\">\n\t\t\t\n\n<div class=\"row\"  id=\"row-81420801\">\n\n\n\t<div id=\"col-828480795\" class=\"col small-12 large-12\"  >\n\t\t<div class=\"col-inner\"  >\n\t\t\t\n\t\t\t\n\n<h2 style=\"text-align: center;\"><span style=\"font-weight: bold; color: #00337f!important;\"><span style=\"color: #00337f;\">Diferenciais <\/span><\/span><span style=\"font-weight: bold; color: #FFAA00!important;\">Golden Cross Sa\u00fade<\/span><\/h2>\n<p style=\"text-align: center;\">Confira alguns motivos para contratar um plano da Golden Cross Sa\u00fade.<\/p>\n\n\t\t<\/div>\n\t\t\t<\/div>\n\n\t\n\n<\/div>\n<div class=\"row\"  id=\"row-1908145724\">\n\n\n\t<div id=\"col-1886617552\" class=\"col medium-3 small-12 large-3\"  >\n\t\t<div class=\"col-inner\"  >\n\t\t\t\n\t\t\t\n\n\n\t\t<div class=\"icon-box featured-box icon-box-top text-left\"  >\n\t\t\t\t<div class=\"icon-box-text last-reset\">\n\t\t\t\t\t\t\t\t\t\n\n<h3 style=\"color: #00337f;\">Planos Empresariais<\/h3>\n<p>A Golden Cross diversas op\u00e7\u00f5es de planos exclusivos para micro empresas e organiza\u00e7\u00f5es de pequeno, m\u00e9dio e grande porte. Simule seu plano agora mesmo!<\/p>\n\n\t\t<\/div>\n\t<\/div>\n\t\n\t\n\n\t\t<\/div>\n\t\t\t<\/div>\n\n\t\n\n\t<div id=\"col-241888499\" class=\"col medium-3 small-12 large-3\"  >\n\t\t<div class=\"col-inner\"  >\n\t\t\t\n\t\t\t\n\n\n\t\t<div class=\"icon-box featured-box icon-box-top text-left\"  >\n\t\t\t\t<div class=\"icon-box-text last-reset\">\n\t\t\t\t\t\t\t\t\t\n\n<h3 style=\"color: #00337f;\">Variedade de Planos<\/h3>\n<p>Na Golden Cross voc\u00ea encontra muitas op\u00e7\u00f5es de planos de saude, com cobertura nacional ou regional pelo melhor pre\u00e7o.  Entre em contato e saiba mais.<\/p>\n\n\t\t<\/div>\n\t<\/div>\n\t\n\t\n\n\t\t<\/div>\n\t\t\t<\/div>\n\n\t\n\n\t<div id=\"col-501711803\" class=\"col medium-3 small-12 large-3\"  >\n\t\t<div class=\"col-inner\"  >\n\t\t\t\n\t\t\t\n\n\n\t\t<div class=\"icon-box featured-box icon-box-top text-left\"  >\n\t\t\t\t<div class=\"icon-box-text last-reset\">\n\t\t\t\t\t\t\t\t\t\n\n<h3 style=\"color: #00337f;\">Desconto Farm\u00e1cia<\/h3>\n<p>Clientes Golden Cross tem descontos exclusivos em medicamentos e \u00edtens de perfumaria nas principais redes de farm\u00e1cias em todo Brasil!<\/p>\n\n\t\t<\/div>\n\t<\/div>\n\t\n\t\n\n\t\t<\/div>\n\t\t\t<\/div>\n\n\t\n\n\t<div id=\"col-1919876282\" class=\"col medium-3 small-12 large-3\"  >\n\t\t<div class=\"col-inner\"  >\n\t\t\t\n\t\t\t\n\n\n\t\t<div class=\"icon-box featured-box icon-box-top text-left\"  >\n\t\t\t\t<div class=\"icon-box-text last-reset\">\n\t\t\t\t\t\t\t\t\t\n\n<h3 style=\"color: #00337f;\">Al\u00f4 Doutor<\/h3>\n<p>O Al\u00f4 Doutor Golden Cross \u00e9 um servi\u00e7o de aconselhamento m\u00e9dico telef\u00f4nico (Telemedicina) dispon\u00edvel 24 horas por dia, todos os dias da semana.<\/p>\n\n\t\t<\/div>\n\t<\/div>\n\t\n\t\n\n\t\t<\/div>\n\t\t\t<\/div>\n\n\t\n\n\t<div id=\"col-996429890\" class=\"col medium-3 small-12 large-3\"  >\n\t\t<div class=\"col-inner\"  >\n\t\t\t\n\t\t\t\n\n\n\t\t<div class=\"icon-box featured-box icon-box-top text-left\"  >\n\t\t\t\t<div class=\"icon-box-text last-reset\">\n\t\t\t\t\t\t\t\t\t\n\n<h3 style=\"color: #00337f;\">Golden Med<\/h3>\n<p>A Golden Med \u00e9 um servi\u00e7o de atendimento m\u00e9dico domiciliar e Pr\u00e9-Hospitalar de urg\u00eancia e emerg\u00eancia, com remo\u00e7\u00e3o atrav\u00e9s de UTI's m\u00f3veis.<\/p>\n\n\t\t<\/div>\n\t<\/div>\n\t\n\t\n\n\t\t<\/div>\n\t\t\t<\/div>\n\n\t\n\n\t<div id=\"col-880373211\" class=\"col medium-3 small-12 large-3\"  >\n\t\t<div class=\"col-inner\"  >\n\t\t\t\n\t\t\t\n\n\n\t\t<div class=\"icon-box featured-box icon-box-top text-left\"  >\n\t\t\t\t<div class=\"icon-box-text last-reset\">\n\t\t\t\t\t\t\t\t\t\n\n<h3 style=\"color: #00337f;\">Remiss\u00e3o de 2 anos<\/h3>\n<p>Garante, em caso de falecimento do titular do plano, o pagamento de mensalidade do plano dos dependentes por at\u00e9 2 anos. Simule agora pelo site ou whatsapp.<\/p>\n\n\t\t<\/div>\n\t<\/div>\n\t\n\t\n\n\t\t<\/div>\n\t\t\t<\/div>\n\n\t\n\n\t<div id=\"col-86607647\" class=\"col medium-3 small-12 large-3\"  >\n\t\t<div class=\"col-inner\"  >\n\t\t\t\n\t\t\t\n\n\n\t\t<div class=\"icon-box featured-box icon-box-top text-left\"  >\n\t\t\t\t<div class=\"icon-box-text last-reset\">\n\t\t\t\t\t\t\t\t\t\n\n<h3 style=\"color: #00337f;\">Reembolso<\/h3>\n<p>Escolha onde deseja ser atendido e receba reembolso para diversos tipos de procedimentos. Simule seu plano pelo site e receba a tabela de reembolso no seu email.<\/p>\n\n\t\t<\/div>\n\t<\/div>\n\t\n\t\n\n\t\t<\/div>\n\t\t\t<\/div>\n\n\t\n\n\t<div id=\"col-588996330\" class=\"col medium-3 small-12 large-3\"  >\n\t\t<div class=\"col-inner\"  >\n\t\t\t\n\t\t\t\n\n\n\t\t<div class=\"icon-box featured-box icon-box-top text-left\"  >\n\t\t\t\t<div class=\"icon-box-text last-reset\">\n\t\t\t\t\t\t\t\t\t\n\n<h3 style=\"color: #00337f;\">Goldental<\/h3>\n<p>A Goldental \u00e9 o plano odontol\u00f3gico da Golden Cross e conta com ampla cobertura em todo territ\u00f3rio nacional. Simule seu plano pelo site agora!<\/p>\n\n\t\t<\/div>\n\t<\/div>\n\t\n\t\n\n\t\t<\/div>\n\t\t\t<\/div>\n\n\t\n\n<\/div>\n\n\t\t<\/div>\n\n\t\t\n<style>\n#section_201360525 {\n  padding-top: 47px;\n  padding-bottom: 47px;\n}\n<\/style>\n\t<\/section>\n\t\n","protected":false},"excerpt":{"rendered":"","protected":false},"author":1,"featured_media":0,"parent":0,"menu_order":0,"comment_status":"closed","ping_status":"closed","template":"page-blank.php","meta":{"inline_featured_image":false,"footnotes":""},"class_list":["post-7","page","type-page","status-publish","hentry"],"_links":{"self":[{"href":"https:\/\/conveniomedico.com.br\/golden-cross-saude\/wp-json\/wp\/v2\/pages\/7","targetHints":{"allow":["GET"]}}],"collection":[{"href":"https:\/\/conveniomedico.com.br\/golden-cross-saude\/wp-json\/wp\/v2\/pages"}],"about":[{"href":"https:\/\/conveniomedico.com.br\/golden-cross-saude\/wp-json\/wp\/v2\/types\/page"}],"author":[{"embeddable":true,"href":"https:\/\/conveniomedico.com.br\/golden-cross-saude\/wp-json\/wp\/v2\/users\/1"}],"replies":[{"embeddable":true,"href":"https:\/\/conveniomedico.com.br\/golden-cross-saude\/wp-json\/wp\/v2\/comments?post=7"}],"version-history":[{"count":94,"href":"https:\/\/conveniomedico.com.br\/golden-cross-saude\/wp-json\/wp\/v2\/pages\/7\/revisions"}],"predecessor-version":[{"id":1352,"href":"https:\/\/conveniomedico.com.br\/golden-cross-saude\/wp-json\/wp\/v2\/pages\/7\/revisions\/1352"}],"wp:attachment":[{"href":"https:\/\/conveniomedico.com.br\/golden-cross-saude\/wp-json\/wp\/v2\/media?parent=7"}],"curies":[{"name":"wp","href":"https:\/\/api.w.org\/{rel}","templated":true}]}}