{"id":7,"date":"2021-04-30T18:13:08","date_gmt":"2021-04-30T18:13:08","guid":{"rendered":"https:\/\/conveniomedico.com.br\/sagrada-familia-saude\/?page_id=7"},"modified":"2024-12-17T13:44:14","modified_gmt":"2024-12-17T13:44:14","slug":"home","status":"publish","type":"page","link":"https:\/\/conveniomedico.com.br\/sagrada-familia-saude\/","title":{"rendered":"Home"},"content":{"rendered":"\n  <div class=\"banner has-hover\" id=\"banner-476084843\">\n          <div class=\"banner-inner fill\">\n        <div class=\"banner-bg fill\" >\n            <div class=\"bg fill bg-fill \"><\/div>\n                        <div class=\"overlay\"><\/div>            \n                    <\/div>\n        <div class=\"banner-layers container\">\n            <div class=\"fill banner-link\"><\/div>            \n   <div id=\"text-box-1261244058\" class=\"text-box banner-layer x5 md-x0 lg-x0 y50 md-y50 lg-y50 res-text\">\n                                <div class=\"text-box-content text dark\">\n              \n              <div class=\"text-inner text-left\">\n                  \n<h2 class=\"uppercase\"><strong>CONV\u00caNIO M\u00c9DICO SAGRADA FAM\u00edlia sa\u00fade<\/strong><\/h2>\n<h3>INOVA\u00c7\u00c3O EM ASSIST\u00caNCIA M\u00c9DICA<\/h3>\n<p>Com atendimento humanizado e personalizado, o novo servi\u00e7o nasce gra\u00e7as \u00e0 uma parceira com o Grupo S\u00e3o Francisco de hospitais, presente h\u00e1 mais de 25 anos no setor de sa\u00fade.<\/p>\n<a href=\"#planos\" target=\"_self\" class=\"button primary\"  style=\"border-radius:99px;\">\n    <span>conhe\u00e7a o plano<\/span>\n  <\/a>\n\n<a href=\"#simulacao-sagrada-familia-saude\" target=\"_self\" class=\"button secondary hide-for-small\"  style=\"border-radius:99px;\">\n    <span>simule agora<\/span>\n  <\/a>\n\n              <\/div>\n           <\/div>\n                            \n<style>\n#text-box-1261244058 {\n  width: 92%;\n}\n#text-box-1261244058 .text-box-content {\n  font-size: 156%;\n}\n@media (min-width:550px) {\n  #text-box-1261244058 {\n    width: 55%;\n  }\n  #text-box-1261244058 .text-box-content {\n    font-size: 100%;\n  }\n}\n<\/style>\n    <\/div>\n \n   <div id=\"text-box-506664474\" class=\"text-box banner-layer hide-for-small x5 md-x100 lg-x100 y40 md-y50 lg-y50 res-text\">\n                                <div class=\"text-box-content text dark\">\n              \n              <div class=\"text-inner text-left\">\n                  \n<p><a href=\"#simulacao-sagrada-familia-saude\"><img decoding=\"async\" data-src=\"https:\/\/conveniomedico.com.br\/sagrada-familia-saude\/wp-content\/uploads\/2024\/05\/cotacao-sagrada-familia-saude.png\" src=\"data:image\/svg+xml;base64,PHN2ZyB3aWR0aD0iMSIgaGVpZ2h0PSIxIiB4bWxucz0iaHR0cDovL3d3dy53My5vcmcvMjAwMC9zdmciPjwvc3ZnPg==\" class=\"lazyload\" style=\"--smush-placeholder-width: 486px; --smush-placeholder-aspect-ratio: 486\/348;\" \/><\/a><\/p>\n              <\/div>\n           <\/div>\n                            \n<style>\n#text-box-506664474 {\n  width: 91%;\n}\n#text-box-506664474 .text-box-content {\n  font-size: 100%;\n}\n@media (min-width:550px) {\n  #text-box-506664474 {\n    width: 45%;\n  }\n}\n<\/style>\n    <\/div>\n \n        <\/div>\n      <\/div>\n\n            \n<style>\n#banner-476084843 {\n  padding-top: 100%;\n}\n#banner-476084843 .bg.bg-loaded {\n  background-image: url(https:\/\/conveniomedico.com.br\/sagrada-familia-saude\/wp-content\/uploads\/2024\/05\/bannersagradafinal.png);\n}\n#banner-476084843 .overlay {\n  background-color: rgba(0, 0, 0, 0.424);\n}\n#banner-476084843 .bg {\n  background-position: 100% 0%;\n}\n@media (min-width:550px) {\n  #banner-476084843 {\n    padding-top: 630px;\n  }\n}\n<\/style>\n  <\/div>\n\n\n<span class=\"scroll-to\" data-label=\"Scroll to: #sobre\" data-bullet=\"false\" data-link=\"#sobre\" data-title=\"sobre\"><a name=\"sobre\"><\/a><\/span>\n\t<section class=\"section\" id=\"section_495322340\">\n\t\t<div class=\"bg section-bg fill bg-fill  \" >\n\n\t\t\t\n\t\t\t<div class=\"section-bg-overlay absolute fill\"><\/div>\n\t\t\t\n\n\t\t<\/div>\n\n\t\t<div class=\"section-content relative\">\n\t\t\t\n<div class=\"row row-small align-middle\"  id=\"row-2064587545\">\n\n\t<div id=\"col-1645360257\" class=\"col medium-4 small-12 large-4\"  >\n\t\t<div class=\"col-inner\"  >\n\t\t\t\n\t\t\t\n\n  <div class=\"banner has-hover\" id=\"banner-1122279073\">\n          <div class=\"banner-inner fill\">\n        <div class=\"banner-bg fill\" >\n            <div class=\"bg fill bg-fill \"><\/div>\n                                    \n                    <\/div>\n        <div class=\"banner-layers container\">\n            <div class=\"fill banner-link\"><\/div>            \n        <\/div>\n      <\/div>\n\n            \n<style>\n#banner-1122279073 {\n  padding-top: 235px;\n}\n#banner-1122279073 .bg.bg-loaded {\n  background-image: url(https:\/\/conveniomedico.com.br\/sagrada-familia-saude\/wp-content\/uploads\/2024\/05\/SFS-imghome.jpg);\n}\n<\/style>\n  <\/div>\n\n\n\t\t<\/div>\n\t\t\t<\/div>\n\n\t\n\n\t<div id=\"col-73247445\" class=\"col medium-8 small-12 large-8\"  >\n\t\t<div class=\"col-inner\"  >\n\t\t\t\n\t\t\t\n\t<div id=\"text-746924235\" class=\"text\">\n\t\t\n<h2 style=\"text-align: left;\"><span style=\"font-weight: bold; color: #333!important;\"><span style=\"color: #333;\">Conhe\u00e7a a <\/span><\/span><span style=\"font-weight: bold; color: #2b5e80!important;\">Sagrada Fam\u00edlia Sa\u00fade<\/span><\/h2>\n<div><strong>O plano Sagrada Fam\u00edlia Sa\u00fade garante promo\u00e7\u00e3o \u00e0 sa\u00fade de maneira acess\u00edvel! Simule agora.<\/strong><\/div>\n<div>\u00a0<\/div>\n<div>Com foco na inova\u00e7\u00e3o em assist\u00eancia m\u00e9dica, o <em>Sagrada Fam\u00edlia Sa\u00fade<\/em> apresenta uma proposta \u00fanica, somando diferenciais e iniciativas exclusivas ao cen\u00e1rio dos conv\u00eanios m\u00e9dicos. Integrado ao Grupo S\u00e3o Francisco, com mais de 25 anos de experi\u00eancia no setor da sa\u00fade, este novo plano oferece caracter\u00edsticas distintas que o destacam no mercado.<\/div>\n\t\t\n<style>\n#text-746924235 {\n  text-align: left;\n}\n<\/style>\n\t<\/div>\n\t\n\t\t<\/div>\n\t\t\t<\/div>\n\n\t\n<\/div>\n\t\t<\/div>\n\n\t\t\n<style>\n#section_495322340 {\n  padding-top: 30px;\n  padding-bottom: 30px;\n}\n#section_495322340 .section-bg-overlay {\n  background-color: rgba(255, 255, 255, 0.163);\n}\n#section_495322340 .section-bg.bg-loaded {\n  background-image: url(https:\/\/conveniomedico.com.br\/sagrada-familia-saude\/wp-content\/uploads\/2021\/04\/bg.png);\n}\n<\/style>\n\t<\/section>\n\t\n<span class=\"scroll-to\" data-label=\"Scroll to: #diferenciais\" data-bullet=\"false\" data-link=\"#diferenciais\" data-title=\"diferenciais\"><a name=\"diferenciais\"><\/a><\/span>\n\n\t<section class=\"section\" id=\"section_1984416134\">\n\t\t<div class=\"bg section-bg fill bg-fill  bg-loaded\" >\n\n\t\t\t\n\t\t\t\n\t\t\t\n\n\t\t<\/div>\n\n\t\t<div class=\"section-content relative\">\n\t\t\t\n\n<div class=\"row\"  id=\"row-764029252\">\n\n\n\t<div id=\"col-453758968\" class=\"col small-12 large-12\"  >\n\t\t<div class=\"col-inner\"  >\n\t\t\t\n\t\t\t\n\n<h2 style=\"text-align: center;\"><span style=\"font-weight: bold; color: #333 !important;\"><span style=\"color: #333;\">Diferenciais <\/span><\/span><span style=\"font-weight: bold; color: #285c80!important;\">Sagrada Fam\u00edlia Sa\u00fade<\/span><\/h2>\n<p style=\"text-align: center;\">Confira alguns motivos para contratar um plano da Sagrada Fam\u00edlia Sa\u00fade.<\/p>\n\n\t\t<\/div>\n\t\t\t<\/div>\n\n\t\n\n<\/div>\n<div class=\"row\"  id=\"row-1547041039\">\n\n\n\t<div id=\"col-1762696658\" class=\"col medium-3 small-12 large-3\"  >\n\t\t<div class=\"col-inner\"  >\n\t\t\t\n\t\t\t\n\n\n\t\t<div class=\"icon-box featured-box icon-box-top text-left\"  >\n\t\t\t\t<div class=\"icon-box-text last-reset\">\n\t\t\t\t\t\t\t\t\t\n\n<h3 style=\"color: #285c80;\">Diversos tipos de Planos<\/h3>\n<p>A Sagrada Fam\u00edlia Sa\u00fade oferece diversas op\u00e7\u00f5es de planos, incluindo empresariais e planos de sa\u00fade coletivos por ades\u00e3o.<\/p>\n\n\t\t<\/div>\n\t<\/div>\n\t\n\t\n\n\t\t<\/div>\n\t\t\t<\/div>\n\n\t\n\n\t<div id=\"col-1925530492\" class=\"col medium-3 small-12 large-3\"  >\n\t\t<div class=\"col-inner\"  >\n\t\t\t\n\t\t\t\n\n\n\t\t<div class=\"icon-box featured-box icon-box-top text-left\"  >\n\t\t\t\t<div class=\"icon-box-text last-reset\">\n\t\t\t\t\t\t\t\t\t\n\n<h3 style=\"color: #285c80;\">Valores Acess\u00edveis<\/h3>\n<p>Os pre\u00e7os das mensalidades do Sagrada Fam\u00edlia Sa\u00fade cabem no seu bolso! Simule seu plano agora mesmo pelo site e confira!<\/p>\n\n\t\t<\/div>\n\t<\/div>\n\t\n\t\n\n\t\t<\/div>\n\t\t\t<\/div>\n\n\t\n\n\t<div id=\"col-1302198852\" class=\"col medium-3 small-12 large-3\"  >\n\t\t<div class=\"col-inner\"  >\n\t\t\t\n\t\t\t\n\n\n\t\t<div class=\"icon-box featured-box icon-box-top text-left\"  >\n\t\t\t\t<div class=\"icon-box-text last-reset\">\n\t\t\t\t\t\t\t\t\t\n\n<h3 style=\"color: #285c80;\">25 anos de hist\u00f3ria<\/h3>\n<p>Os planos Sagrada Fam\u00edlia Sa\u00fade fazem parte do Grupo S\u00e3o Francisco de hospitais, com mais de 25 anos no setor de sa\u00fade.<\/p>\n\n\t\t<\/div>\n\t<\/div>\n\t\n\t\n\n\t\t<\/div>\n\t\t\t<\/div>\n\n\t\n\n\t<div id=\"col-1704307436\" class=\"col medium-3 small-12 large-3\"  >\n\t\t<div class=\"col-inner\"  >\n\t\t\t\n\t\t\t\n\n\n\t\t<div class=\"icon-box featured-box icon-box-top text-left\"  >\n\t\t\t\t<div class=\"icon-box-text last-reset\">\n\t\t\t\t\t\t\t\t\t\n\n<h3 style=\"color: #285c80;\">Atendimento Regional<\/h3>\n<p>O plano Sagrada Fam\u00edlia Sa\u00fade est\u00e1 presente em S\u00e3o Paulo e oferece atendimento em \u00f3timos hospitais de SP pelo melhor pre\u00e7o.<\/p>\n\n\t\t<\/div>\n\t<\/div>\n\t\n\t\n\n\t\t<\/div>\n\t\t\t<\/div>\n\n\t\n\n\t<div id=\"col-1417154974\" class=\"col medium-3 small-12 large-3\"  >\n\t\t<div class=\"col-inner\"  >\n\t\t\t\n\t\t\t\n\n\n\t\t<div class=\"icon-box featured-box icon-box-top text-left\"  >\n\t\t\t\t<div class=\"icon-box-text last-reset\">\n\t\t\t\t\t\t\t\t\t\n\n<h3 style=\"color: #285c80;\">Atendimento Completo<\/h3>\n<p>Benefici\u00e1rios Sagrada Fam\u00edlia Sa\u00fade contam com os mais altos recursos tecnol\u00f3gicos em todos os centros S\u00e3o Francisco Sa\u00fade.<\/p>\n\n\t\t<\/div>\n\t<\/div>\n\t\n\t\n\n\t\t<\/div>\n\t\t\t<\/div>\n\n\t\n\n\t<div id=\"col-1259067600\" class=\"col medium-3 small-12 large-3\"  >\n\t\t<div class=\"col-inner\"  >\n\t\t\t\n\t\t\t\n\n\n\t\t<div class=\"icon-box featured-box icon-box-top text-left\"  >\n\t\t\t\t<div class=\"icon-box-text last-reset\">\n\t\t\t\t\t\t\t\t\t\n\n<h3 style=\"color: #285c80;\">Atendimento Humanizado<\/h3>\n<p>Al\u00e9m de pessoal altamente qualificado, os benefici\u00e1rios contam com atendimento humanizado e personalizado.<\/p>\n\n\t\t<\/div>\n\t<\/div>\n\t\n\t\n\n\t\t<\/div>\n\t\t\t<\/div>\n\n\t\n\n\t<div id=\"col-1109394264\" class=\"col medium-3 small-12 large-3\"  >\n\t\t<div class=\"col-inner\"  >\n\t\t\t\n\t\t\t\n\n\n\t\t<div class=\"icon-box featured-box icon-box-top text-left\"  >\n\t\t\t\t<div class=\"icon-box-text last-reset\">\n\t\t\t\t\t\t\t\t\t\n\n<h3 style=\"color: #285c80;\">Inova\u00e7\u00e3o<\/h3>\n<p>O principal objetivo da operadora \u00e9 ser inova\u00e7\u00e3o no mercado de assist\u00eancia m\u00e9dica, preenchendo uma lacuna nas operadoras.<\/p>\n\n\t\t<\/div>\n\t<\/div>\n\t\n\t\n\n\t\t<\/div>\n\t\t\t<\/div>\n\n\t\n\n\t<div id=\"col-460831772\" class=\"col medium-3 small-12 large-3\"  >\n\t\t<div class=\"col-inner\"  >\n\t\t\t\n\t\t\t\n\n\n\t\t<div class=\"icon-box featured-box icon-box-top text-left\"  >\n\t\t\t\t<div class=\"icon-box-text last-reset\">\n\t\t\t\t\t\t\t\t\t\n\n<h3 style=\"color: #285c80;\">Ampla Rede Referenciada<\/h3>\n<p>Presente em diversas regi\u00f5es al\u00e9m de S\u00e3o Paulo, como: Cotia, Mau\u00e1, S\u00e3o Roque, e Osasco. Solicite uma cota\u00e7\u00e3o pelo site ou whatsapp.<\/p>\n\n\t\t<\/div>\n\t<\/div>\n\t\n\t\n\n\t\t<\/div>\n\t\t\t<\/div>\n\n\t\n\n<\/div>\n\n\t\t<\/div>\n\n\t\t\n<style>\n#section_1984416134 {\n  padding-top: 47px;\n  padding-bottom: 47px;\n}\n<\/style>\n\t<\/section>\n\t\n","protected":false},"excerpt":{"rendered":"","protected":false},"author":1,"featured_media":0,"parent":0,"menu_order":0,"comment_status":"closed","ping_status":"closed","template":"page-blank.php","meta":{"inline_featured_image":false,"footnotes":""},"class_list":["post-7","page","type-page","status-publish","hentry"],"_links":{"self":[{"href":"https:\/\/conveniomedico.com.br\/sagrada-familia-saude\/wp-json\/wp\/v2\/pages\/7","targetHints":{"allow":["GET"]}}],"collection":[{"href":"https:\/\/conveniomedico.com.br\/sagrada-familia-saude\/wp-json\/wp\/v2\/pages"}],"about":[{"href":"https:\/\/conveniomedico.com.br\/sagrada-familia-saude\/wp-json\/wp\/v2\/types\/page"}],"author":[{"embeddable":true,"href":"https:\/\/conveniomedico.com.br\/sagrada-familia-saude\/wp-json\/wp\/v2\/users\/1"}],"replies":[{"embeddable":true,"href":"https:\/\/conveniomedico.com.br\/sagrada-familia-saude\/wp-json\/wp\/v2\/comments?post=7"}],"version-history":[{"count":89,"href":"https:\/\/conveniomedico.com.br\/sagrada-familia-saude\/wp-json\/wp\/v2\/pages\/7\/revisions"}],"predecessor-version":[{"id":1327,"href":"https:\/\/conveniomedico.com.br\/sagrada-familia-saude\/wp-json\/wp\/v2\/pages\/7\/revisions\/1327"}],"wp:attachment":[{"href":"https:\/\/conveniomedico.com.br\/sagrada-familia-saude\/wp-json\/wp\/v2\/media?parent=7"}],"curies":[{"name":"wp","href":"https:\/\/api.w.org\/{rel}","templated":true}]}}